{"id":24,"date":"2021-11-19T11:22:59","date_gmt":"2021-11-19T11:22:59","guid":{"rendered":"http:\/\/ghenttoblaster.be\/?page_id=24"},"modified":"2022-04-01T17:31:39","modified_gmt":"2022-04-01T17:31:39","slug":"home","status":"publish","type":"page","link":"https:\/\/ghenttoblaster.be\/","title":{"rendered":"Home"},"content":{"rendered":"<p>[vc_row el_class=&#8221;global row-1 home topper&#8221; css=&#8221;.vc_custom_1647893106829{background: #000000 url(http:\/\/ghenttoblaster.be\/wp-content\/uploads\/2022\/03\/banner-scaled.jpg?id=465) !important;background-position: center !important;background-repeat: no-repeat !important;background-size: cover !important;}&#8221; el_id=&#8221;top&#8221;][vc_column el_class=&#8221;outer-col-1&#8243;][vc_column_text]<\/p>\n<h1 style=\"text-align: center;\">Where hiphop meets <span class=\"underline\">techno<\/span><\/h1>\n<p>[\/vc_column_text][vc_row_inner equal_height=&#8221;yes&#8221; el_class=&#8221;inner-row-1 grid&#8221;][vc_column_inner el_class=&#8221;inner-col-1&#8243; width=&#8221;1\/2&#8243;][vc_single_image image=&#8221;184&#8243; img_size=&#8221;full&#8221; alignment=&#8221;center&#8221; el_class=&#8221;my-main-man&#8221;][vc_single_image image=&#8221;172&#8243; img_size=&#8221;full&#8221; alignment=&#8221;center&#8221; el_class=&#8221;cloud-1 absolutor&#8221;][vc_single_image image=&#8221;173&#8243; img_size=&#8221;full&#8221; alignment=&#8221;center&#8221; el_class=&#8221;cloud-2 absolutor&#8221;][vc_single_image image=&#8221;174&#8243; img_size=&#8221;full&#8221; alignment=&#8221;center&#8221; el_class=&#8221;cloud-3 absolutor&#8221;][vc_single_image image=&#8221;175&#8243; img_size=&#8221;full&#8221; alignment=&#8221;center&#8221; el_class=&#8221;cloud-4 absolutor&#8221;][vc_single_image image=&#8221;176&#8243; img_size=&#8221;full&#8221; alignment=&#8221;center&#8221; el_class=&#8221;cloud-5 absolutor&#8221;][vc_single_image image=&#8221;177&#8243; img_size=&#8221;full&#8221; alignment=&#8221;center&#8221; el_class=&#8221;cloud-6 absolutor&#8221;][vc_single_image image=&#8221;178&#8243; img_size=&#8221;full&#8221; alignment=&#8221;center&#8221; el_class=&#8221;cloud-7 absolutor&#8221;][vc_single_image image=&#8221;179&#8243; img_size=&#8221;full&#8221; alignment=&#8221;center&#8221; el_class=&#8221;cloud-8 absolutor&#8221;][vc_single_image image=&#8221;180&#8243; img_size=&#8221;full&#8221; alignment=&#8221;center&#8221; el_class=&#8221;cloud-9 absolutor&#8221;][\/vc_column_inner][vc_column_inner width=&#8221;1\/2&#8243;][vc_column_text el_class=&#8221;topheader&#8221;]<\/p>\n<h2 style=\"text-align: center;\">07 mei 2022 @<br \/>\nDamberd Gent<\/h2>\n<p>[\/vc_column_text][\/vc_column_inner][\/vc_row_inner][vc_row_inner el_class=&#8221;inner-row-1 grid&#8221;][vc_column_inner el_class=&#8221;inner-col-1&#8243;][\/vc_column_inner][\/vc_row_inner][\/vc_column][\/vc_row][vc_row el_class=&#8221;global row-2 home&#8221; css=&#8221;.vc_custom_1648671328379{background-color: #000000 !important;}&#8221; el_id=&#8221;about&#8221;][vc_column el_class=&#8221;outer-col-1&#8243;][vc_row_inner equal_height=&#8221;yes&#8221; el_class=&#8221;inner-row-1 grid&#8221;][vc_column_inner el_class=&#8221;inner-col-1&#8243; width=&#8221;1\/2&#8243;][vc_column_text]<\/p>\n<h2>Wat is Booty?<\/h2>\n<p>[\/vc_column_text][vc_column_text]<\/p>\n<p style=\"text-align: left;\">Booty wordt gebruikt als parapluterm voor verschillende stijlen, namelijk booty bass, ghetto-tech, juke, ghetto house, footwork &amp; Miami bass. Het is een stijl die zijn origine heeft in de mid-jaren &#8217;90 in de Amerikaanse steden Detroit en Chicago en is grootgemaakt door mensen als Dj Funk, Dj Godfather, Dj Assault, Dj Deeon en meer.<\/p>\n<p>De stijl wordt vaak uitgelegd als uptempo, funky techno met rappers op die vuile tekstjes rappen.<\/p>\n<p>Het is een stijl die snel wordt gedraaid, met scratches en andere dj-tricks en het is de ultieme mix van rap\/hiphop met techno. Daarom ook&#8230;<\/p>\n<p style=\"text-align: center;\">&#8220;Where hiphop meets techno&#8221;<\/p>\n<p>[\/vc_column_text][\/vc_column_inner][vc_column_inner el_class=&#8221;inner-col-2&#8243; width=&#8221;1\/2&#8243;][vc_single_image image=&#8221;546&#8243; img_size=&#8221;full&#8221; el_class=&#8221;record&#8221;][vc_single_image image=&#8221;538&#8243; img_size=&#8221;full&#8221; el_class=&#8221;technics&#8221;][vc_raw_html el_class=&#8221;audio&#8221;]JTVCcGxheWVyJTIwaWQlM0QlMjc1NzUlMjclNUQ=[\/vc_raw_html][\/vc_column_inner][\/vc_row_inner][\/vc_column][\/vc_row][vc_row el_class=&#8221;global row-3 home&#8221; css=&#8221;.vc_custom_1646577213168{background-color: #000000 !important;}&#8221;][vc_column el_class=&#8221;outer-col-1&#8243;][vc_row_inner equal_height=&#8221;yes&#8221; el_class=&#8221;inner-row-1 grid&#8221;][vc_column_inner el_class=&#8221;inner-col-1&#8243; width=&#8221;1\/2&#8243;][vc_single_image image=&#8221;583&#8243; img_size=&#8221;full&#8221;][\/vc_column_inner][vc_column_inner el_class=&#8221;inner-col-2&#8243; width=&#8221;1\/2&#8243;][vc_column_text]<\/p>\n<h2>Wat is Ghentto Blaster?<\/h2>\n<p>[\/vc_column_text][vc_column_text]Ghentto Blaster werd opgericht in 2005 door Dj Latomski &amp; Funky Flesh. Reeds van in het begin was het &#8220;Where hiphop meets techno&#8221; met heel wat rappers, beatboxers en uiteraard dj&#8217;s die van rap over booty naar techno draaiden.<\/p>\n<p>Mid jaren &#8217;00 waren hoogdagen voor het genre in de Verenigde Staten. Maar ook in Europa bestond een levendige scene met naast Ghentto Blaster in Gent de crew van Booty.be met de legendarische Booty Night events in de toenmalige Silo in Leuven Ook in Frankrijk, Nederland, Duitsland en uiteraard de UK had je booty producers, dj&#8217;s en events.[\/vc_column_text][\/vc_column_inner][\/vc_row_inner][\/vc_column][\/vc_row][vc_row equal_height=&#8221;yes&#8221; el_class=&#8221;global row-5 home grid&#8221; css=&#8221;.vc_custom_1648671316479{background-color: #000000 !important;}&#8221; el_id=&#8221;events&#8221;][vc_column width=&#8221;1\/3&#8243; el_class=&#8221;outer-col-1&#8243;][vc_row_inner el_class=&#8221;inner-row-1&#8243;][vc_column_inner el_class=&#8221;inner-col-1&#8243;][vc_column_text]<\/p>\n<h2>Upcoming event<\/h2>\n<p>[\/vc_column_text][vc_column_text]Dus&#8230;<\/p>\n<p>Ghentto Blaster is back!<\/p>\n<p>We zijn helemaal terug van weggeweest met een eerste nieuwe event in &#8217;t Damberd, \u00e9\u00e9n van de meest legendarische en oudste caf\u00e9&#8217;s in Gent. Nota bene overgenomen door de vaste beatboxer van de Ghentto Blaster feestjes en voormalig organisator van het Belgian Beatbox Championship, Zerox.[\/vc_column_text][\/vc_column_inner][\/vc_row_inner][vc_row_inner el_class=&#8221;inner-row-2&#8243;][vc_column_inner el_class=&#8221;inner-col-1&#8243; width=&#8221;1\/2&#8243;][vc_column_text]<\/p>\n<h5>Location<\/h5>\n<p><a href=\"https:\/\/www.google.com\/maps\/place\/Caf%C3%A9+Damberd\/@51.0547415,3.7215999,15z\/data=!4m5!3m4!1s0x0:0x558757507a3dfa2a!8m2!3d51.0547447!4d3.721582\" target=\"_blank\" rel=\"noopener\">Damberd<br \/>\nKorenmarkt<br \/>\n9000 Gent<\/a>[\/vc_column_text][\/vc_column_inner][vc_column_inner width=&#8221;1\/2&#8243;][vc_column_text]<\/p>\n<h5>Ticketinfo<\/h5>\n<p style=\"text-align: left;\">Kassa: 7\u20ac<\/p>\n<p>[\/vc_column_text][\/vc_column_inner][\/vc_row_inner][\/vc_column][vc_column width=&#8221;2\/3&#8243; el_class=&#8221;outer-col-2&#8243;][vc_row_inner el_class=&#8221;inner-row-1&#8243;][vc_column_inner el_class=&#8221;inner-col-1&#8243;][vc_single_image image=&#8221;582&#8243; img_size=&#8221;full&#8221;][\/vc_column_inner][\/vc_row_inner][\/vc_column][\/vc_row][vc_row el_class=&#8221;global row-4 home grid&#8221; css=&#8221;.vc_custom_1646572603152{background-color: #000000 !important;}&#8221;][vc_column el_class=&#8221;outer-col-1&#8243;][vc_empty_space height=&#8221;72px&#8221;][vc_custom_heading text=&#8221;What to expect?&#8221; font_container=&#8221;tag:h2|text_align:center&#8221; google_fonts=&#8221;font_family:Corben%3Aregular%2C700|font_style:400%20regular%3A400%3Anormal&#8221;][vc_empty_space][vc_row_inner equal_height=&#8221;yes&#8221; el_class=&#8221;inner-row-2 grid&#8221;][vc_column_inner el_class=&#8221;inner-col-1&#8243; width=&#8221;1\/2&#8243;][vc_empty_space height=&#8221;52px&#8221;][vc_single_image image=&#8221;619&#8243; img_size=&#8221;full&#8221;][vc_empty_space height=&#8221;22px&#8221;][vc_column_text]<\/p>\n<h3 style=\"text-align: center;\">Chao Xin<\/h3>\n<p style=\"text-align: center;\">Als deel van de Booty.be crew, Spanking Records en de legendarische Booty Night parties in de Silo in Leuven maakte hij booty &amp; ghetto muziek mee groot in Belgi\u00eb.<\/p>\n<p>[\/vc_column_text][vc_empty_space height=&#8221;52px&#8221;][vc_single_image image=&#8221;621&#8243; img_size=&#8221;full&#8221;][vc_empty_space height=&#8221;22px&#8221;][vc_column_text]<\/p>\n<h3 style=\"text-align: center;\">SDM OT GANG (Live)<\/h3>\n<p style=\"text-align: center;\">Deze talentvolle, jonge Gentse rapper brengt het beste van zichzelf.<\/p>\n<p>[\/vc_column_text][\/vc_column_inner][vc_column_inner width=&#8221;1\/2&#8243;][vc_empty_space height=&#8221;52px&#8221;][vc_single_image image=&#8221;598&#8243; img_size=&#8221;full&#8221;][vc_empty_space height=&#8221;22px&#8221;][vc_column_text css_animation=&#8221;appear&#8221;]<\/p>\n<h3 style=\"text-align: center;\">Dj Latomski<\/h3>\n<p style=\"text-align: center;\">De founder van Ghentto Blaster is begonnen als techno dj maar al even lang actief in de Vlaamse rapscene. De booty\/ghetto stijl kwam dan ook heel natuurlijk voor hem.<\/p>\n<p>[\/vc_column_text][vc_empty_space height=&#8221;52px&#8221;][vc_single_image image=&#8221;599&#8243; img_size=&#8221;full&#8221;][vc_empty_space height=&#8221;22px&#8221;][vc_column_text]<\/p>\n<h3 style=\"text-align: center;\">Von De Sample<\/h3>\n<p style=\"text-align: center;\">Deze sympathieke Gentse dj kent en leeft techno!<\/p>\n<p>[\/vc_column_text][\/vc_column_inner][\/vc_row_inner][vc_row_inner equal_height=&#8221;yes&#8221; el_class=&#8221;inner-row-2 grid&#8221;][vc_column_inner el_class=&#8221;inner-col-1&#8243; width=&#8221;1\/2&#8243;][vc_empty_space height=&#8221;52px&#8221;][vc_single_image image=&#8221;622&#8243; img_size=&#8221;full&#8221;][vc_empty_space height=&#8221;22px&#8221;][vc_column_text]<\/p>\n<h3 style=\"text-align: center;\">Fonkee Monk<\/h3>\n<p style=\"text-align: center;\">Deze echte muziekkenner is een rot in het vak voor alles wat funky is<\/p>\n<p>[\/vc_column_text][\/vc_column_inner][vc_column_inner width=&#8221;1\/2&#8243;][vc_empty_space height=&#8221;52px&#8221;][vc_single_image image=&#8221;623&#8243; img_size=&#8221;full&#8221;][vc_empty_space height=&#8221;22px&#8221;][vc_column_text css_animation=&#8221;appear&#8221;]<\/p>\n<h3 style=\"text-align: center;\">Dj Big W<\/h3>\n<p style=\"text-align: center;\">Deze Gentse belofte is de jongste dj van de avond, maar de enige die nog exclusief met vinyl draait. Hij brengt je de pareltjes uit de old school rap.<\/p>\n<p>[\/vc_column_text][\/vc_column_inner][\/vc_row_inner][\/vc_column][\/vc_row][vc_row el_class=&#8221;global row-4 home grid&#8221; css=&#8221;.vc_custom_1648579286807{background-color: #000000 !important;}&#8221;][vc_column el_class=&#8221;outer-col-1&#8243; offset=&#8221;vc_hidden-lg vc_hidden-md vc_hidden-sm vc_hidden-xs&#8221;][vc_custom_heading text=&#8221;What to expect?&#8221; font_container=&#8221;tag:h2|text_align:center&#8221; google_fonts=&#8221;font_family:Corben%3Aregular%2C700|font_style:400%20regular%3A400%3Anormal&#8221;][vc_row_inner equal_height=&#8221;yes&#8221; el_class=&#8221;inner-row-2 grid&#8221;][vc_column_inner el_class=&#8221;inner-col-1&#8243; width=&#8221;1\/3&#8243;][vc_video link=&#8221;https:\/\/www.youtube.com\/watch?v=FJ64aHHzSEg&amp;t=552s&#8221;][\/vc_column_inner][vc_column_inner el_class=&#8221;inner-col-2&#8243; width=&#8221;1\/3&#8243;][vc_video link=&#8221;https:\/\/www.youtube.com\/watch?v=iulvAMLCq_I&#8221;][\/vc_column_inner][vc_column_inner el_class=&#8221;inner-col-3&#8243; width=&#8221;1\/3&#8243;][vc_video link=&#8221;https:\/\/www.youtube.com\/watch?v=GECHGd1ZIOg&#8221;][\/vc_column_inner][\/vc_row_inner][vc_row_inner equal_height=&#8221;yes&#8221; el_class=&#8221;inner-row-2 grid&#8221;][vc_column_inner el_class=&#8221;inner-col-1&#8243; width=&#8221;1\/3&#8243;][vc_video link=&#8221;https:\/\/www.youtube.com\/watch?v=MPZuFTR09wg&amp;t=212s&#8221;][\/vc_column_inner][vc_column_inner el_class=&#8221;inner-col-2&#8243; width=&#8221;1\/3&#8243;][vc_video link=&#8221;https:\/\/www.youtube.com\/watch?v=xBGGNxDw9PM&amp;t=515s&#8221;][\/vc_column_inner][vc_column_inner el_class=&#8221;inner-col-3&#8243; width=&#8221;1\/3&#8243;][vc_video link=&#8221;https:\/\/www.youtube.com\/watch?v=tzkDN5U2lE0&#8243;][\/vc_column_inner][\/vc_row_inner][\/vc_column][\/vc_row]<\/p>\n","protected":false},"excerpt":{"rendered":"<p>[vc_row el_class=&#8221;global row-1 home topper&#8221; css=&#8221;.vc_custom_1647893106829{background: #000000 url(http:\/\/ghenttoblaster.be\/wp-content\/uploads\/2022\/03\/banner-scaled.jpg?id=465) !important;background-position: center !important;background-repeat: no-repeat !important;background-size: cover !important;}&#8221; el_id=&#8221;top&#8221;][vc_column el_class=&#8221;outer-col-1&#8243;][vc_column_text] Where hiphop meets techno [\/vc_column_text][vc_row_inner equal_height=&#8221;yes&#8221; el_class=&#8221;inner-row-1 grid&#8221;][vc_column_inner el_class=&#8221;inner-col-1&#8243; width=&#8221;1\/2&#8243;][vc_single_image image=&#8221;184&#8243; img_size=&#8221;full&#8221; alignment=&#8221;center&#8221; el_class=&#8221;my-main-man&#8221;][vc_single_image image=&#8221;172&#8243; img_size=&#8221;full&#8221; alignment=&#8221;center&#8221; el_class=&#8221;cloud-1 absolutor&#8221;][vc_single_image image=&#8221;173&#8243; img_size=&#8221;full&#8221; alignment=&#8221;center&#8221; el_class=&#8221;cloud-2 absolutor&#8221;][vc_single_image image=&#8221;174&#8243; img_size=&#8221;full&#8221; alignment=&#8221;center&#8221; el_class=&#8221;cloud-3 absolutor&#8221;][vc_single_image image=&#8221;175&#8243; img_size=&#8221;full&#8221; alignment=&#8221;center&#8221; el_class=&#8221;cloud-4 absolutor&#8221;][vc_single_image image=&#8221;176&#8243; img_size=&#8221;full&#8221; alignment=&#8221;center&#8221; el_class=&#8221;cloud-5&hellip;&nbsp;<a href=\"https:\/\/ghenttoblaster.be\/\" class=\"\" rel=\"bookmark\">Meer lezen &raquo;<span class=\"screen-reader-text\">Home<\/span><\/a><\/p>\n","protected":false},"author":1,"featured_media":0,"parent":0,"menu_order":0,"comment_status":"closed","ping_status":"closed","template":"","meta":{"inline_featured_image":false,"neve_meta_sidebar":"","neve_meta_container":"","neve_meta_enable_content_width":"on","neve_meta_content_width":100,"neve_meta_title_alignment":"","neve_meta_author_avatar":"","neve_post_elements_order":"","neve_meta_disable_header":"","neve_meta_disable_footer":"","neve_meta_disable_title":"on","footnotes":""},"class_list":["post-24","page","type-page","status-publish","hentry"],"yoast_head":"<!-- This site is optimized with the Yoast SEO plugin v27.5 - https:\/\/yoast.com\/product\/yoast-seo-wordpress\/ -->\n<title>Home - Ghentto Blaster<\/title>\n<meta name=\"robots\" content=\"noindex, follow, max-snippet:-1, max-image-preview:large, max-video-preview:-1\" \/>\n<meta property=\"og:locale\" content=\"nl_BE\" \/>\n<meta property=\"og:type\" content=\"article\" \/>\n<meta property=\"og:title\" content=\"Home - Ghentto Blaster\" \/>\n<meta property=\"og:description\" content=\"[vc_row el_class=&#8221;global row-1 home topper&#8221; css=&#8221;.vc_custom_1647893106829{background: #000000 url(http:\/\/ghenttoblaster.be\/wp-content\/uploads\/2022\/03\/banner-scaled.jpg?id=465) !important;background-position: center !important;background-repeat: no-repeat !important;background-size: cover !important;}&#8221; el_id=&#8221;top&#8221;][vc_column el_class=&#8221;outer-col-1&#8243;][vc_column_text] Where hiphop meets techno [\/vc_column_text][vc_row_inner equal_height=&#8221;yes&#8221; el_class=&#8221;inner-row-1 grid&#8221;][vc_column_inner el_class=&#8221;inner-col-1&#8243; width=&#8221;1\/2&#8243;][vc_single_image image=&#8221;184&#8243; img_size=&#8221;full&#8221; alignment=&#8221;center&#8221; el_class=&#8221;my-main-man&#8221;][vc_single_image image=&#8221;172&#8243; img_size=&#8221;full&#8221; alignment=&#8221;center&#8221; el_class=&#8221;cloud-1 absolutor&#8221;][vc_single_image image=&#8221;173&#8243; img_size=&#8221;full&#8221; alignment=&#8221;center&#8221; el_class=&#8221;cloud-2 absolutor&#8221;][vc_single_image image=&#8221;174&#8243; img_size=&#8221;full&#8221; alignment=&#8221;center&#8221; el_class=&#8221;cloud-3 absolutor&#8221;][vc_single_image image=&#8221;175&#8243; img_size=&#8221;full&#8221; alignment=&#8221;center&#8221; el_class=&#8221;cloud-4 absolutor&#8221;][vc_single_image image=&#8221;176&#8243; img_size=&#8221;full&#8221; alignment=&#8221;center&#8221; el_class=&#8221;cloud-5&hellip;&nbsp;Meer lezen &raquo;Home\" \/>\n<meta property=\"og:url\" content=\"https:\/\/ghenttoblaster.be\/\" \/>\n<meta property=\"og:site_name\" content=\"Ghentto Blaster\" \/>\n<meta property=\"article:modified_time\" content=\"2022-04-01T17:31:39+00:00\" \/>\n<meta name=\"twitter:card\" content=\"summary_large_image\" \/>\n<meta name=\"twitter:label1\" content=\"Geschatte leestijd\" \/>\n\t<meta name=\"twitter:data1\" content=\"4 minuten\" \/>\n<script type=\"application\/ld+json\" class=\"yoast-schema-graph\">{\"@context\":\"https:\\\/\\\/schema.org\",\"@graph\":[{\"@type\":\"WebPage\",\"@id\":\"https:\\\/\\\/ghenttoblaster.be\\\/\",\"url\":\"https:\\\/\\\/ghenttoblaster.be\\\/\",\"name\":\"Home - Ghentto Blaster\",\"isPartOf\":{\"@id\":\"https:\\\/\\\/ghenttoblaster.be\\\/#website\"},\"datePublished\":\"2021-11-19T11:22:59+00:00\",\"dateModified\":\"2022-04-01T17:31:39+00:00\",\"breadcrumb\":{\"@id\":\"https:\\\/\\\/ghenttoblaster.be\\\/#breadcrumb\"},\"inLanguage\":\"nl-BE\",\"potentialAction\":[{\"@type\":\"ReadAction\",\"target\":[\"https:\\\/\\\/ghenttoblaster.be\\\/\"]}]},{\"@type\":\"BreadcrumbList\",\"@id\":\"https:\\\/\\\/ghenttoblaster.be\\\/#breadcrumb\",\"itemListElement\":[{\"@type\":\"ListItem\",\"position\":1,\"name\":\"Home\",\"item\":\"https:\\\/\\\/ghenttoblaster.be\\\/\"},{\"@type\":\"ListItem\",\"position\":2,\"name\":\"Home\"}]},{\"@type\":\"WebSite\",\"@id\":\"https:\\\/\\\/ghenttoblaster.be\\\/#website\",\"url\":\"https:\\\/\\\/ghenttoblaster.be\\\/\",\"name\":\"Bosh and Bordon\",\"description\":\"Where hiphop meets techno.\",\"potentialAction\":[{\"@type\":\"SearchAction\",\"target\":{\"@type\":\"EntryPoint\",\"urlTemplate\":\"https:\\\/\\\/ghenttoblaster.be\\\/?s={search_term_string}\"},\"query-input\":{\"@type\":\"PropertyValueSpecification\",\"valueRequired\":true,\"valueName\":\"search_term_string\"}}],\"inLanguage\":\"nl-BE\"}]}<\/script>\n<!-- \/ Yoast SEO plugin. -->","yoast_head_json":{"title":"Home - Ghentto Blaster","robots":{"index":"noindex","follow":"follow","max-snippet":"max-snippet:-1","max-image-preview":"max-image-preview:large","max-video-preview":"max-video-preview:-1"},"og_locale":"nl_BE","og_type":"article","og_title":"Home - Ghentto Blaster","og_description":"[vc_row el_class=&#8221;global row-1 home topper&#8221; css=&#8221;.vc_custom_1647893106829{background: #000000 url(http:\/\/ghenttoblaster.be\/wp-content\/uploads\/2022\/03\/banner-scaled.jpg?id=465) !important;background-position: center !important;background-repeat: no-repeat !important;background-size: cover !important;}&#8221; el_id=&#8221;top&#8221;][vc_column el_class=&#8221;outer-col-1&#8243;][vc_column_text] Where hiphop meets techno [\/vc_column_text][vc_row_inner equal_height=&#8221;yes&#8221; el_class=&#8221;inner-row-1 grid&#8221;][vc_column_inner el_class=&#8221;inner-col-1&#8243; width=&#8221;1\/2&#8243;][vc_single_image image=&#8221;184&#8243; img_size=&#8221;full&#8221; alignment=&#8221;center&#8221; el_class=&#8221;my-main-man&#8221;][vc_single_image image=&#8221;172&#8243; img_size=&#8221;full&#8221; alignment=&#8221;center&#8221; el_class=&#8221;cloud-1 absolutor&#8221;][vc_single_image image=&#8221;173&#8243; img_size=&#8221;full&#8221; alignment=&#8221;center&#8221; el_class=&#8221;cloud-2 absolutor&#8221;][vc_single_image image=&#8221;174&#8243; img_size=&#8221;full&#8221; alignment=&#8221;center&#8221; el_class=&#8221;cloud-3 absolutor&#8221;][vc_single_image image=&#8221;175&#8243; img_size=&#8221;full&#8221; alignment=&#8221;center&#8221; el_class=&#8221;cloud-4 absolutor&#8221;][vc_single_image image=&#8221;176&#8243; img_size=&#8221;full&#8221; alignment=&#8221;center&#8221; el_class=&#8221;cloud-5&hellip;&nbsp;Meer lezen &raquo;Home","og_url":"https:\/\/ghenttoblaster.be\/","og_site_name":"Ghentto Blaster","article_modified_time":"2022-04-01T17:31:39+00:00","twitter_card":"summary_large_image","twitter_misc":{"Geschatte leestijd":"4 minuten"},"schema":{"@context":"https:\/\/schema.org","@graph":[{"@type":"WebPage","@id":"https:\/\/ghenttoblaster.be\/","url":"https:\/\/ghenttoblaster.be\/","name":"Home - Ghentto Blaster","isPartOf":{"@id":"https:\/\/ghenttoblaster.be\/#website"},"datePublished":"2021-11-19T11:22:59+00:00","dateModified":"2022-04-01T17:31:39+00:00","breadcrumb":{"@id":"https:\/\/ghenttoblaster.be\/#breadcrumb"},"inLanguage":"nl-BE","potentialAction":[{"@type":"ReadAction","target":["https:\/\/ghenttoblaster.be\/"]}]},{"@type":"BreadcrumbList","@id":"https:\/\/ghenttoblaster.be\/#breadcrumb","itemListElement":[{"@type":"ListItem","position":1,"name":"Home","item":"https:\/\/ghenttoblaster.be\/"},{"@type":"ListItem","position":2,"name":"Home"}]},{"@type":"WebSite","@id":"https:\/\/ghenttoblaster.be\/#website","url":"https:\/\/ghenttoblaster.be\/","name":"Bosh and Bordon","description":"Where hiphop meets techno.","potentialAction":[{"@type":"SearchAction","target":{"@type":"EntryPoint","urlTemplate":"https:\/\/ghenttoblaster.be\/?s={search_term_string}"},"query-input":{"@type":"PropertyValueSpecification","valueRequired":true,"valueName":"search_term_string"}}],"inLanguage":"nl-BE"}]}},"_links":{"self":[{"href":"https:\/\/ghenttoblaster.be\/index.php?rest_route=\/wp\/v2\/pages\/24","targetHints":{"allow":["GET"]}}],"collection":[{"href":"https:\/\/ghenttoblaster.be\/index.php?rest_route=\/wp\/v2\/pages"}],"about":[{"href":"https:\/\/ghenttoblaster.be\/index.php?rest_route=\/wp\/v2\/types\/page"}],"author":[{"embeddable":true,"href":"https:\/\/ghenttoblaster.be\/index.php?rest_route=\/wp\/v2\/users\/1"}],"replies":[{"embeddable":true,"href":"https:\/\/ghenttoblaster.be\/index.php?rest_route=%2Fwp%2Fv2%2Fcomments&post=24"}],"version-history":[{"count":75,"href":"https:\/\/ghenttoblaster.be\/index.php?rest_route=\/wp\/v2\/pages\/24\/revisions"}],"predecessor-version":[{"id":597,"href":"https:\/\/ghenttoblaster.be\/index.php?rest_route=\/wp\/v2\/pages\/24\/revisions\/597"}],"wp:attachment":[{"href":"https:\/\/ghenttoblaster.be\/index.php?rest_route=%2Fwp%2Fv2%2Fmedia&parent=24"}],"curies":[{"name":"wp","href":"https:\/\/api.w.org\/{rel}","templated":true}]}}